{"id":1817,"date":"2021-07-26T22:48:01","date_gmt":"2021-07-26T21:48:01","guid":{"rendered":"https:\/\/wissenunderfolg.de\/?page_id=1817"},"modified":"2021-08-26T20:45:46","modified_gmt":"2021-08-26T19:45:46","slug":"agb","status":"publish","type":"page","link":"https:\/\/wissenunderfolg.de\/index.php\/agb\/","title":{"rendered":"AGB"},"content":{"rendered":"\n<p><strong>Allgemeine Gesch\u00e4ftsbedingungen<\/strong><\/p>\n\n\n\n<p><strong>\u00a7 1 Geltungsbereich<\/strong><br>Die folgenden allgemeinen Gesch\u00e4ftsbedingungen regeln das Vertragsverh\u00e4ltnis zwischen Wissen und Erfolg gUG und der dem jeweiligen Kunden bei Bestellungen \u00fcber den Web-Shop.<\/p>\n\n\n\n<p><strong>\u00a7 2 Angebot und Vertragsabschluss<\/strong><br>Gegenstand des jeweiligen Vertrages ist die Buchung von Kursen an den Interessenten \u00fcber die Internetseite \u201ewissenunderfolg.de\u201c. Die Darstellung der Kurse im Online-Shop stellt kein rechtlich bindendes Angebot, sondern einen Online-Katalog dar. Alle Angebote gelten &#8222;solange noch Pl\u00e4tze frei sind&#8220;, wenn nicht bei den Produkten etwas anderes vermerkt ist. Irrt\u00fcmer vorbehalten.<br>Durch Anklicken des Buttons &#8222;anmelden&#8220; im abschlie\u00dfenden Schritt des Bestellprozesses geben Sie eine verbindliche Bestellung der im Warenkorb enthaltenen Waren ab. Nach erfolgter Bestellung best\u00e4tigen wir Ihnen zun\u00e4chst unsere Vertragsannahme durch Zusenden Ihrer Rechnung. Sie sind verpflichtet, uns eventuelle inhaltliche Abweichungen zwischen dieser Rechnung und Ihrer Bestellung mitzuteilen. Erst durch Zahlung des vollen Rechnungsbetrages auf das von uns genannte Konto erfolgt der Vertragsabschluss.<\/p>\n\n\n\n<p><strong>\u00a7 4 Vertragsabwicklung und Versandkosten<\/strong><br>Es gelten die Preise zum Zeitpunkt der Bestellung. Die Zahlung erfolgt grunds\u00e4tzlich per Vorkasse.<\/p>\n\n\n\n<p>Der Anbieter verpflichtet sich, nach Abschluss des Kaufvertrages und der vollst\u00e4ndigen Bezahlung des Kaufpreises, die Kurse durchzuf\u00fchren. Termin\u00e4nderungen k\u00f6nnen notwendig sein, und geh\u00f6ren zur Ausf\u00fchrung. Sie ber\u00fchren das Vertragsverh\u00e4ltnis nicht.<\/p>\n\n\n\n<p><strong>\u00a7 5 Lieferung<\/strong><\/p>\n\n\n\n<p>Wir f\u00fchren unsere Kurse entsprechend unserer, an Sie gerichteten Best\u00e4tigung durch. Ort und Zeit k\u00f6nnen vom online Angebot abweichen.<br>Ihre Mitwirkung besteht darin, alle erforderlichen Fragen zum Kurs, Ihrerseits, rechtzeitig an uns zu senden. Auch pers\u00f6nliche Besonderheiten, auf die wir gerne R\u00fccksicht nehmen m\u00f6chten, teilen Sie uns rechtzeitig mit.<\/p>\n\n\n\n<p><strong>\u00a7 6 Widerrufsrecht<\/strong><br>Sie haben das Recht, binnen 14 Tagen ohne Angabe von Gr\u00fcnden diesen Vertrag zu widerrufen. Die Widerrufsfrist betr\u00e4gt 14 Tage ab dem Tag, an dem Sie oder ein von Ihnen benannter Dritter, widerruft. Um Ihr Widerrufsrecht auszu\u00fcben, m\u00fcssen Sie uns (Wissen und Erfolg Richard von Weiszs\u00e4cker Weg 1 in 59399 Olfen, info@wissenunderfolg.de) mittels einer eindeutigen Erkl\u00e4rung (z. B. ein mit der Post versandter Brief, Telefax oder E-Mail) \u00fcber Ihren Entschluss, diesen Vertrag zu widerrufen, informieren.<br>Zur Wahrung der Widerrufsfrist reicht es aus, dass Sie die Mitteilung \u00fcber die Aus\u00fcbung des Widerrufsrechts vor Ablauf der Widerrufsfrist absenden.<\/p>\n\n\n\n<p><strong>Folgen des Widerrufs<\/strong><br>Wenn Sie diesen Vertrag widerrufen, haben wir Ihnen alle Zahlungen, die wir von Ihnen erhalten haben, (mit Ausnahme der zus\u00e4tzlichen Kosten, die sich daraus ergeben, unverz\u00fcglich und sp\u00e4testens binnen vierzehn Tagen ab dem Tag zur\u00fcckzuzahlen, an dem die Mitteilung \u00fcber Ihren Widerruf dieses Vertrags bei uns eingegangen ist. F\u00fcr diese R\u00fcckzahlung verwenden wir dasselbe Zahlungsmittel, das Sie bei der urspr\u00fcnglichen Transaktion eingesetzt haben, es sei denn, mit Ihnen wurde ausdr\u00fccklich etwas anderes vereinbart; in keinem Fall werden Ihnen wegen dieser R\u00fcckzahlung Entgelte berechnet.<\/p>\n\n\n\n<p><strong>\u00a7 7 Gew\u00e4hrleistung<\/strong><br>Gew\u00e4hrleistungsanspruch durch uns, au\u00dfer der Durchf\u00fchrung des Kurses, besteht nicht, da wir mit Ihnen einen Dienstleistungsvertrag abschlie\u00dfen.<\/p>\n\n\n\n<p><strong>\u00a7 8 Datenschutz<\/strong><br>Dem Kursteilnehmer ist bekannt und er willigt darin ein, dass seine f\u00fcr die Auftrags- und Bestellabwicklung notwendigen pers\u00f6nlichen Daten auf Datentr\u00e4gern gespeichert werden. Er stimmt der Erhebung, Verarbeitung und Nutzung seiner personenbezogenen Daten ausdr\u00fccklich zu. Dem Kursteilnehmer steht das Recht zu, diese Einwilligung jederzeit mit Wirkung f\u00fcr die Zukunft zu widerrufen. Der Veranstalter verpflichtet sich f\u00fcr den Fall zur sofortigen L\u00f6schung der pers\u00f6nlichen Kundenstammdaten, es sei denn, ein Bestellvorgang ist noch nicht vollst\u00e4ndig abgewickelt. Die L\u00f6schung erfolgt unter Ber\u00fccksichtigung der Einschr\u00e4nkungen durch das Finanzamt.<\/p>\n\n\n\n<p><strong>\u00a79 Vertragssprache<\/strong><br>Die Vertragssprache ist deutsch.<\/p>\n\n\n\n<p><strong>\u00a7 12 Schlussbestimmungen<\/strong><br>Auf die vorliegenden Allgemeinen Gesch\u00e4ftsbedingungen und auf den jeweils geschlossenen Kaufvertrag ist ausschlie\u00dflich deutsches Recht unter Ausschluss des UN-Kaufrechts anwendbar, sofern der K\u00e4ufer kein Verbraucher ist. Sofern der K\u00e4ufer Vollkaufmann, juristische Person des \u00f6ffentlichen Rechts oder \u00f6ffentliches Sonderverm\u00f6gen ist, wird f\u00fcr alle Streitigkeiten, die sich aus oder im Zusammenhang mit dem vorliegenden Vertrag ergeben, L\u00fcdinghausen\/Coesfeld als Gerichtsstand vereinbart.<\/p>\n\n\n\n<p>Sollten eine oder mehrere Klauseln dieser Gesch\u00e4ftsbedingungen ganz oder teilweise unwirksam sein, so soll hierdurch die G\u00fcltigkeit der \u00fcbrigen Bestimmungen nicht ber\u00fchrt sein.<\/p>\n","protected":false},"excerpt":{"rendered":"<p>Allgemeine Gesch\u00e4ftsbedingungen \u00a7 1 GeltungsbereichDie folgenden allgemeinen Gesch\u00e4ftsbedingungen regeln das Vertragsverh\u00e4ltnis zwischen Wissen und Erfolg gUG und der dem jeweiligen Kunden bei Bestellungen \u00fcber den Web-Shop. \u00a7 2 Angebot und VertragsabschlussGegenstand des jeweiligen Vertrages ist die Buchung von Kursen an den Interessenten \u00fcber die Internetseite \u201ewissenunderfolg.de\u201c. Die Darstellung der Kurse im Online-Shop stellt kein rechtlich &hellip;<\/p>\n<p class=\"read-more\"> <a class=\"\" href=\"https:\/\/wissenunderfolg.de\/index.php\/agb\/\"> <span class=\"screen-reader-text\">AGB<\/span> Weiterlesen &raquo;<\/a><\/p>\n","protected":false},"author":1,"featured_media":0,"parent":0,"menu_order":0,"comment_status":"closed","ping_status":"closed","template":"","meta":[],"_links":{"self":[{"href":"https:\/\/wissenunderfolg.de\/index.php\/wp-json\/wp\/v2\/pages\/1817"}],"collection":[{"href":"https:\/\/wissenunderfolg.de\/index.php\/wp-json\/wp\/v2\/pages"}],"about":[{"href":"https:\/\/wissenunderfolg.de\/index.php\/wp-json\/wp\/v2\/types\/page"}],"author":[{"embeddable":true,"href":"https:\/\/wissenunderfolg.de\/index.php\/wp-json\/wp\/v2\/users\/1"}],"replies":[{"embeddable":true,"href":"https:\/\/wissenunderfolg.de\/index.php\/wp-json\/wp\/v2\/comments?post=1817"}],"version-history":[{"count":3,"href":"https:\/\/wissenunderfolg.de\/index.php\/wp-json\/wp\/v2\/pages\/1817\/revisions"}],"predecessor-version":[{"id":1897,"href":"https:\/\/wissenunderfolg.de\/index.php\/wp-json\/wp\/v2\/pages\/1817\/revisions\/1897"}],"wp:attachment":[{"href":"https:\/\/wissenunderfolg.de\/index.php\/wp-json\/wp\/v2\/media?parent=1817"}],"curies":[{"name":"wp","href":"https:\/\/api.w.org\/{rel}","templated":true}]}}